{"id":3414,"date":"2023-08-23T10:39:31","date_gmt":"2023-08-23T07:39:31","guid":{"rendered":"https:\/\/www.canadagmc.com\/?page_id=3414"},"modified":"2023-08-23T13:21:55","modified_gmt":"2023-08-23T10:21:55","slug":"employment-opportunities","status":"publish","type":"page","link":"https:\/\/www.canadagmc.com\/es\/employment-opportunities\/","title":{"rendered":"Oportunidades De Empleo"},"content":{"rendered":"<div data-elementor-type=\"wp-page\" data-elementor-id=\"3414\" class=\"elementor elementor-3414\" data-elementor-post-type=\"page\">\n\t\t\t\t\t\t<section class=\"elementor-section elementor-top-section elementor-element elementor-element-c353b28 elementor-section-content-middle elementor-custom-container elementor-section-boxed elementor-section-height-default elementor-section-height-default\" data-id=\"c353b28\" data-element_type=\"section\" data-e-type=\"section\" data-settings=\"{&quot;background_background&quot;:&quot;classic&quot;}\">\n\t\t\t\t\t\t<div class=\"elementor-container elementor-column-gap-default\">\n\t\t\t\t\t<div class=\"elementor-column elementor-col-100 elementor-top-column elementor-element elementor-element-47bd44e\" data-id=\"47bd44e\" data-element_type=\"column\" data-e-type=\"column\">\n\t\t\t<div class=\"elementor-widget-wrap elementor-element-populated\">\n\t\t\t\t\t\t<div class=\"elementor-element elementor-element-099b971 elementor-widget elementor-widget-heading\" data-id=\"099b971\" data-element_type=\"widget\" data-e-type=\"widget\" data-widget_type=\"heading.default\">\n\t\t\t\t<div class=\"elementor-widget-container\">\n\t\t\t\t\t<h2 class=\"elementor-heading-title elementor-size-default\">Oportunidades De Empleo<\/h2>\t\t\t\t<\/div>\n\t\t\t\t<\/div>\n\t\t\t\t\t<\/div>\n\t\t<\/div>\n\t\t\t\t\t<\/div>\n\t\t<\/section>\n\t\t\t\t<section class=\"elementor-section elementor-top-section elementor-element elementor-element-2dcac79 elementor-section-full_width elementor-section-stretched elementor-section-height-default elementor-section-height-default\" data-id=\"2dcac79\" data-element_type=\"section\" data-e-type=\"section\" data-settings=\"{&quot;stretch_section&quot;:&quot;section-stretched&quot;,&quot;background_background&quot;:&quot;classic&quot;}\">\n\t\t\t\t\t\t<div class=\"elementor-container elementor-column-gap-no\">\n\t\t\t\t\t<div class=\"elementor-column elementor-col-100 elementor-top-column elementor-element elementor-element-1e82540\" data-id=\"1e82540\" data-element_type=\"column\" data-e-type=\"column\">\n\t\t\t<div class=\"elementor-widget-wrap elementor-element-populated\">\n\t\t\t\t\t\t<section class=\"elementor-section elementor-inner-section elementor-element elementor-element-5948975 elementor-section-boxed elementor-section-height-default elementor-section-height-default\" data-id=\"5948975\" data-element_type=\"section\" data-e-type=\"section\">\n\t\t\t\t\t\t<div class=\"elementor-container elementor-column-gap-default\">\n\t\t\t\t\t<div class=\"elementor-column elementor-col-100 elementor-inner-column elementor-element elementor-element-4f60219\" data-id=\"4f60219\" data-element_type=\"column\" data-e-type=\"column\">\n\t\t\t<div class=\"elementor-widget-wrap elementor-element-populated\">\n\t\t\t\t\t\t<div class=\"elementor-element elementor-element-817be5a elementor-widget elementor-widget-heading\" data-id=\"817be5a\" data-element_type=\"widget\" data-e-type=\"widget\" data-widget_type=\"heading.default\">\n\t\t\t\t<div class=\"elementor-widget-container\">\n\t\t\t\t\t<h2 class=\"elementor-heading-title elementor-size-default\">Explorando las oportunidades de empleo en Canad\u00e1<\/h2>\t\t\t\t<\/div>\n\t\t\t\t<\/div>\n\t\t\t\t<div class=\"elementor-element elementor-element-e9cc5aa elementor-widget elementor-widget-text-editor\" data-id=\"e9cc5aa\" data-element_type=\"widget\" data-e-type=\"widget\" data-widget_type=\"text-editor.default\">\n\t\t\t\t<div class=\"elementor-widget-container\">\n\t\t\t\t\t\t\t\t\t<p>Canad\u00e1, reconocido por su vasta belleza y su sociedad multicultural, tambi\u00e9n es c\u00e9lebre por sus pr\u00f3speras oportunidades de empleo. Ya sea que usted sea un reci\u00e9n graduado, un profesional cualificado o un aventurero en busca de nuevos horizontes, Canad\u00e1 ofrece una amplia variedad de perspectivas profesionales. Este art\u00edculo profundiza en las oportunidades laborales m\u00e1s solicitadas en Canad\u00e1, ofreciendo claves para conseguir el trabajo de sus sue\u00f1os y destacando los programas disponibles. Acomp\u00e1\u00f1enos en un recorrido hacia un futuro m\u00e1s prometedor en el mercado laboral canadiense.<\/p><h2>Oportunidades de empleo m\u00e1s demandadas en Canad\u00e1<\/h2><h4>Gerentes financieros y contadores<\/h4><ul><li>En un panorama financiero cada vez m\u00e1s complejo, la demanda de gerentes financieros y contadores cualificados no deja de crecer. Con la s\u00f3lida econom\u00eda de Canad\u00e1 y su diverso sector empresarial, las compa\u00f1\u00edas necesitan de forma constante profesionales capaces de desenvolverse en las complejidades de la gesti\u00f3n financiera. Desde la planificaci\u00f3n financiera hasta la elaboraci\u00f3n de presupuestos y la fiscalidad, el papel de los gerentes financieros y los contadores es crucial para garantizar el buen funcionamiento y el crecimiento de las empresas en m\u00faltiples industrias.<\/li><\/ul><h4>Oficios especializados<\/h4><ul><li>Los oficios especializados, incluidos electricistas, plomeros y carpinteros, son fundamentales para la infraestructura de Canad\u00e1. El sector de la construcci\u00f3n depende de ellos para edificar y mantener estructuras. A medida que la fuerza laboral envejece y surge una escasez de trabajadores cualificados, Canad\u00e1 presenta oportunidades. Tanto si tiene experiencia como si busca un cambio de carrera, la demanda de oficios especializados sigue siendo alta, lo que garantiza estabilidad y una carrera gratificante.<\/li><\/ul><h4>Desarrolladores de software y de aplicaciones m\u00f3viles<\/h4><ul><li>En la era digital, la demanda mundial de desarrolladores de software y de aplicaciones m\u00f3viles est\u00e1 en pleno auge. Canad\u00e1, con su pr\u00f3spera industria tecnol\u00f3gica, no es la excepci\u00f3n. Desde empresas emergentes hasta corporaciones multinacionales, las compa\u00f1\u00edas buscan de forma constante desarrolladores talentosos para impulsar la innovaci\u00f3n. Canad\u00e1, que fomenta la innovaci\u00f3n y el esp\u00edritu emprendedor, ofrece un entorno ideal para que los desarrolladores prosperen y den forma al panorama digital.<\/li><\/ul><h4>Enfermeras<\/h4><ul><li>El sector sanitario de Canad\u00e1 es reconocido por sus altos est\u00e1ndares, y la enfermer\u00eda, como su columna vertebral, est\u00e1 en demanda constante para brindar atenci\u00f3n. Ya sea que usted sea enfermera\/o registrada\/o (RN), de pr\u00e1ctica avanzada (NP) o especialista, Canad\u00e1 ofrece oportunidades diversas. Con salarios competitivos, prestaciones y desarrollo profesional, ejercer la enfermer\u00eda aqu\u00ed resulta gratificante.<\/li><\/ul><h4>Gerentes de construcci\u00f3n<\/h4><ul><li>La r\u00e1pida urbanizaci\u00f3n de Canad\u00e1 y el crecimiento de su infraestructura exigen gerentes de construcci\u00f3n cualificados. Supervisan los proyectos y garantizan su finalizaci\u00f3n a tiempo, dentro del presupuesto y con las debidas medidas de seguridad. Con la elevada demanda de nuevas edificaciones y renovaciones, estos profesionales son esenciales en la pr\u00f3spera industria de la construcci\u00f3n del pa\u00eds.<\/li><\/ul><h4>Psic\u00f3logas<\/h4><ul><li>La concienciaci\u00f3n sobre la salud mental est\u00e1 creciendo en Canad\u00e1, lo que incrementa la demanda de psic\u00f3logas y psic\u00f3logos. Son esenciales para brindar terapia y realizar evaluaciones en diversos entornos. El enfoque de Canad\u00e1 en la salud mental ofrece una gran oportunidad para quienes aspiran a ejercer la psicolog\u00eda.<\/li><\/ul><h2>C\u00f3mo conseguir empleo en Canad\u00e1<\/h2><p>Para conseguir empleo en Canad\u00e1, comience investigando el mercado laboral e identificando los sectores con mayor demanda. Actualice su curr\u00edculum conforme a los est\u00e1ndares canadienses, destacando habilidades y experiencias relevantes. Con\u00e9ctese con agencias de empleo locales y portales de trabajo para explorar vacantes. La creaci\u00f3n de redes es clave: asista a eventos del sector y contacte a profesionales de su \u00e1rea. Prep\u00e1rese para las entrevistas practicando preguntas frecuentes y demostrando su capacidad de adaptaci\u00f3n. Aseg\u00farese de contar con los permisos de trabajo o visados necesarios y de comprender la cultura laboral y las expectativas canadienses. Por \u00faltimo, no subestime el poder de la perseverancia y una actitud positiva en su b\u00fasqueda.<\/p><h3>Oportunidades de empleo y programas<\/h3><p>Canad\u00e1 ofrece diversas oportunidades de empleo y programas para apoyar a las personas en su b\u00fasqueda de trabajo.<\/p><p class=\"translation-block\">Una de estas oportunidades es el \u201cprograma de empleo de verano\u201d, que brinda a estudiantes y adultos j\u00f3venes una valiosa experiencia laboral durante los meses estivales. Este programa no solo ayuda a adquirir habilidades pr\u00e1cticas, sino que tambi\u00e9n ofrece la oportunidad de explorar distintas industrias y construir una red de contactos profesionales.<\/p><p class=\"translation-block\">Los empleos docentes en Canad\u00e1 tambi\u00e9n est\u00e1n muy demandados, con un enfoque en reclutar docentes cualificados para atender las diversas necesidades educativas del pa\u00eds. Ya sea usted un docente certificado o un educador en formaci\u00f3n, Canad\u00e1 ofrece una gama de puestos de ense\u00f1anza, desde primaria hasta secundaria, as\u00ed como oportunidades en instituciones de educaci\u00f3n superior.<\/p><p class=\"translation-block\">Las pr\u00e1cticas profesionales son otra v\u00eda para conseguir un empleo en Canad\u00e1. Muchas empresas y organizaciones ofrecen programas de pr\u00e1cticas que permiten adquirir experiencia pr\u00e1ctica en el \u00e1rea de inter\u00e9s. Estas pr\u00e1cticas no solo brindan una formaci\u00f3n valiosa, sino que tambi\u00e9n sirven como trampol\u00edn hacia un empleo permanente.<\/p><h3>Alineaci\u00f3n de cualificaciones<\/h3><p>Para conseguir con \u00e9xito un empleo en Canad\u00e1, es esencial alinear sus cualificaciones con las normas del pa\u00eds. Investigue los requisitos espec\u00edficos y las certificaciones necesarias para el puesto deseado y aseg\u00farese de que sus cualificaciones cumplen o superan esos est\u00e1ndares. Adem\u00e1s, considere obtener certificaciones profesionales o actualizar sus competencias para mejorar su empleabilidad y destacar en un mercado laboral competitivo.<\/p><h2>El pr\u00f3spero mercado laboral y las oportunidades le esperan en Canad\u00e1, todo simplificado con Canada GMC.<\/h2><p>En conclusi\u00f3n, Canad\u00e1 ofrece diversas oportunidades laborales y atrae a profesionales de m\u00faltiples \u00e1reas. Explore sus opciones, alinee sus cualificaciones y busque el apoyo de organizaciones como Canada GMC para construir su carrera. \u00a1Abrace las posibilidades y empiece hoy mismo su camino hacia un futuro m\u00e1s brillante!<\/p><p><em>Descubra las infinitas posibilidades de empleo en Canad\u00e1 con Canada GMC. Visite nuestro sitio web para explorar oportunidades de empleo y acceder a recursos que simplifiquen su camino hacia el \u00e9xito.<\/em><\/p>\t\t\t\t\t\t\t\t<\/div>\n\t\t\t\t<\/div>\n\t\t\t\t\t<\/div>\n\t\t<\/div>\n\t\t\t\t\t<\/div>\n\t\t<\/section>\n\t\t\t\t\t<\/div>\n\t\t<\/div>\n\t\t\t\t\t<\/div>\n\t\t<\/section>\n\t\t\t\t<\/div>","protected":false},"excerpt":{"rendered":"<p>Employment Opportunities Exploring Employment Opportunities in Canada Canada, renowned for its vast beauty and multicultural society, is equally celebrated for its thriving employment opportunities. Whether you&#8217;re a recent graduate, a skilled professional, or an adventurer seeking new horizons, Canada offers a wealth of career prospects. This article delves into the most sought-after employment opportunities in [&hellip;]<\/p>\n","protected":false},"author":10,"featured_media":3421,"parent":0,"menu_order":0,"comment_status":"closed","ping_status":"closed","template":"elementor_header_footer","meta":{"_acf_changed":false,"footnotes":""},"class_list":["post-3414","page","type-page","status-publish","has-post-thumbnail","hentry"],"acf":[],"yoast_head":"<!-- This site is optimized with the Yoast SEO plugin v27.4 - https:\/\/yoast.com\/product\/yoast-seo-wordpress\/ -->\n<title>Employment Opportunities - Canada GMC | Canadian Immigration Consultants<\/title>\n<meta name=\"description\" content=\"Exploring Employment Opportunities in Canada: Discover Lucrative Career Paths and Job Market Insights. Start your journey today!\" \/>\n<meta name=\"robots\" content=\"index, follow, max-snippet:-1, max-image-preview:large, max-video-preview:-1\" \/>\n<link rel=\"canonical\" href=\"https:\/\/www.canadagmc.com\/es\/employment-opportunities\/\" \/>\n<meta property=\"og:locale\" content=\"es_ES\" \/>\n<meta property=\"og:type\" content=\"article\" \/>\n<meta property=\"og:title\" content=\"Employment Opportunities - Canada GMC | Canadian Immigration Consultants\" \/>\n<meta property=\"og:description\" content=\"Exploring Employment Opportunities in Canada: Discover Lucrative Career Paths and Job Market Insights. Start your journey today!\" \/>\n<meta property=\"og:url\" content=\"https:\/\/www.canadagmc.com\/es\/employment-opportunities\/\" \/>\n<meta property=\"og:site_name\" content=\"Canada GMC | Canadian Immigration Consultants\" \/>\n<meta property=\"article:modified_time\" content=\"2023-08-23T10:21:55+00:00\" \/>\n<meta property=\"og:image\" content=\"https:\/\/www.canadagmc.com\/wp-content\/uploads\/2023\/08\/pexels-pixabay-257894-scaled.jpg\" \/>\n\t<meta property=\"og:image:width\" content=\"2560\" \/>\n\t<meta property=\"og:image:height\" content=\"1707\" \/>\n\t<meta property=\"og:image:type\" content=\"image\/jpeg\" \/>\n<meta name=\"twitter:card\" content=\"summary_large_image\" \/>\n<meta name=\"twitter:label1\" content=\"Tiempo de lectura\" \/>\n\t<meta name=\"twitter:data1\" content=\"4 minutos\" \/>\n<script type=\"application\/ld+json\" class=\"yoast-schema-graph\">{\"@context\":\"https:\\\/\\\/schema.org\",\"@graph\":[{\"@type\":\"WebPage\",\"@id\":\"https:\\\/\\\/www.canadagmc.com\\\/employment-opportunities\\\/\",\"url\":\"https:\\\/\\\/www.canadagmc.com\\\/employment-opportunities\\\/\",\"name\":\"Employment Opportunities - Canada GMC | Canadian Immigration Consultants\",\"isPartOf\":{\"@id\":\"https:\\\/\\\/www.canadagmc.com\\\/#website\"},\"primaryImageOfPage\":{\"@id\":\"https:\\\/\\\/www.canadagmc.com\\\/employment-opportunities\\\/#primaryimage\"},\"image\":{\"@id\":\"https:\\\/\\\/www.canadagmc.com\\\/employment-opportunities\\\/#primaryimage\"},\"thumbnailUrl\":\"https:\\\/\\\/www.canadagmc.com\\\/wp-content\\\/uploads\\\/2023\\\/08\\\/pexels-pixabay-257894-scaled.jpg\",\"datePublished\":\"2023-08-23T07:39:31+00:00\",\"dateModified\":\"2023-08-23T10:21:55+00:00\",\"description\":\"Exploring Employment Opportunities in Canada: Discover Lucrative Career Paths and Job Market Insights. Start your journey today!\",\"breadcrumb\":{\"@id\":\"https:\\\/\\\/www.canadagmc.com\\\/employment-opportunities\\\/#breadcrumb\"},\"inLanguage\":\"es\",\"potentialAction\":[{\"@type\":\"ReadAction\",\"target\":[\"https:\\\/\\\/www.canadagmc.com\\\/employment-opportunities\\\/\"]}]},{\"@type\":\"ImageObject\",\"inLanguage\":\"es\",\"@id\":\"https:\\\/\\\/www.canadagmc.com\\\/employment-opportunities\\\/#primaryimage\",\"url\":\"https:\\\/\\\/www.canadagmc.com\\\/wp-content\\\/uploads\\\/2023\\\/08\\\/pexels-pixabay-257894-scaled.jpg\",\"contentUrl\":\"https:\\\/\\\/www.canadagmc.com\\\/wp-content\\\/uploads\\\/2023\\\/08\\\/pexels-pixabay-257894-scaled.jpg\",\"width\":2560,\"height\":1707,\"caption\":\"employment opportunities canada\"},{\"@type\":\"BreadcrumbList\",\"@id\":\"https:\\\/\\\/www.canadagmc.com\\\/employment-opportunities\\\/#breadcrumb\",\"itemListElement\":[{\"@type\":\"ListItem\",\"position\":1,\"name\":\"Home\",\"item\":\"https:\\\/\\\/www.canadagmc.com\\\/\"},{\"@type\":\"ListItem\",\"position\":2,\"name\":\"Employment Opportunities\"}]},{\"@type\":\"WebSite\",\"@id\":\"https:\\\/\\\/www.canadagmc.com\\\/#website\",\"url\":\"https:\\\/\\\/www.canadagmc.com\\\/\",\"name\":\"Canada GMC | Canadian Immigration Consultants\",\"description\":\"\",\"publisher\":{\"@id\":\"https:\\\/\\\/www.canadagmc.com\\\/#organization\"},\"potentialAction\":[{\"@type\":\"SearchAction\",\"target\":{\"@type\":\"EntryPoint\",\"urlTemplate\":\"https:\\\/\\\/www.canadagmc.com\\\/?s={search_term_string}\"},\"query-input\":{\"@type\":\"PropertyValueSpecification\",\"valueRequired\":true,\"valueName\":\"search_term_string\"}}],\"inLanguage\":\"es\"},{\"@type\":\"Organization\",\"@id\":\"https:\\\/\\\/www.canadagmc.com\\\/#organization\",\"name\":\"Canada GMC | Canadian Immigration Consultants\",\"url\":\"https:\\\/\\\/www.canadagmc.com\\\/\",\"logo\":{\"@type\":\"ImageObject\",\"inLanguage\":\"es\",\"@id\":\"https:\\\/\\\/www.canadagmc.com\\\/#\\\/schema\\\/logo\\\/image\\\/\",\"url\":\"https:\\\/\\\/www.canadagmc.com\\\/wp-content\\\/uploads\\\/2023\\\/03\\\/logo.png\",\"contentUrl\":\"https:\\\/\\\/www.canadagmc.com\\\/wp-content\\\/uploads\\\/2023\\\/03\\\/logo.png\",\"width\":171,\"height\":50,\"caption\":\"Canada GMC | Canadian Immigration Consultants\"},\"image\":{\"@id\":\"https:\\\/\\\/www.canadagmc.com\\\/#\\\/schema\\\/logo\\\/image\\\/\"}}]}<\/script>\n<!-- \/ Yoast SEO plugin. -->","yoast_head_json":{"title":"Employment Opportunities - Canada GMC | Canadian Immigration Consultants","description":"Exploring Employment Opportunities in Canada: Discover Lucrative Career Paths and Job Market Insights. Start your journey today!","robots":{"index":"index","follow":"follow","max-snippet":"max-snippet:-1","max-image-preview":"max-image-preview:large","max-video-preview":"max-video-preview:-1"},"canonical":"https:\/\/www.canadagmc.com\/es\/employment-opportunities\/","og_locale":"es_ES","og_type":"article","og_title":"Employment Opportunities - Canada GMC | Canadian Immigration Consultants","og_description":"Exploring Employment Opportunities in Canada: Discover Lucrative Career Paths and Job Market Insights. Start your journey today!","og_url":"https:\/\/www.canadagmc.com\/es\/employment-opportunities\/","og_site_name":"Canada GMC | Canadian Immigration Consultants","article_modified_time":"2023-08-23T10:21:55+00:00","og_image":[{"width":2560,"height":1707,"url":"https:\/\/www.canadagmc.com\/wp-content\/uploads\/2023\/08\/pexels-pixabay-257894-scaled.jpg","type":"image\/jpeg"}],"twitter_card":"summary_large_image","twitter_misc":{"Tiempo de lectura":"4 minutos"},"schema":{"@context":"https:\/\/schema.org","@graph":[{"@type":"WebPage","@id":"https:\/\/www.canadagmc.com\/employment-opportunities\/","url":"https:\/\/www.canadagmc.com\/employment-opportunities\/","name":"Employment Opportunities - Canada GMC | Canadian Immigration Consultants","isPartOf":{"@id":"https:\/\/www.canadagmc.com\/#website"},"primaryImageOfPage":{"@id":"https:\/\/www.canadagmc.com\/employment-opportunities\/#primaryimage"},"image":{"@id":"https:\/\/www.canadagmc.com\/employment-opportunities\/#primaryimage"},"thumbnailUrl":"https:\/\/www.canadagmc.com\/wp-content\/uploads\/2023\/08\/pexels-pixabay-257894-scaled.jpg","datePublished":"2023-08-23T07:39:31+00:00","dateModified":"2023-08-23T10:21:55+00:00","description":"Exploring Employment Opportunities in Canada: Discover Lucrative Career Paths and Job Market Insights. Start your journey today!","breadcrumb":{"@id":"https:\/\/www.canadagmc.com\/employment-opportunities\/#breadcrumb"},"inLanguage":"es","potentialAction":[{"@type":"ReadAction","target":["https:\/\/www.canadagmc.com\/employment-opportunities\/"]}]},{"@type":"ImageObject","inLanguage":"es","@id":"https:\/\/www.canadagmc.com\/employment-opportunities\/#primaryimage","url":"https:\/\/www.canadagmc.com\/wp-content\/uploads\/2023\/08\/pexels-pixabay-257894-scaled.jpg","contentUrl":"https:\/\/www.canadagmc.com\/wp-content\/uploads\/2023\/08\/pexels-pixabay-257894-scaled.jpg","width":2560,"height":1707,"caption":"employment opportunities canada"},{"@type":"BreadcrumbList","@id":"https:\/\/www.canadagmc.com\/employment-opportunities\/#breadcrumb","itemListElement":[{"@type":"ListItem","position":1,"name":"Home","item":"https:\/\/www.canadagmc.com\/"},{"@type":"ListItem","position":2,"name":"Employment Opportunities"}]},{"@type":"WebSite","@id":"https:\/\/www.canadagmc.com\/#website","url":"https:\/\/www.canadagmc.com\/","name":"Canada GMC | Canadian Immigration Consultants","description":"","publisher":{"@id":"https:\/\/www.canadagmc.com\/#organization"},"potentialAction":[{"@type":"SearchAction","target":{"@type":"EntryPoint","urlTemplate":"https:\/\/www.canadagmc.com\/?s={search_term_string}"},"query-input":{"@type":"PropertyValueSpecification","valueRequired":true,"valueName":"search_term_string"}}],"inLanguage":"es"},{"@type":"Organization","@id":"https:\/\/www.canadagmc.com\/#organization","name":"Canada GMC | Canadian Immigration Consultants","url":"https:\/\/www.canadagmc.com\/","logo":{"@type":"ImageObject","inLanguage":"es","@id":"https:\/\/www.canadagmc.com\/#\/schema\/logo\/image\/","url":"https:\/\/www.canadagmc.com\/wp-content\/uploads\/2023\/03\/logo.png","contentUrl":"https:\/\/www.canadagmc.com\/wp-content\/uploads\/2023\/03\/logo.png","width":171,"height":50,"caption":"Canada GMC | Canadian Immigration Consultants"},"image":{"@id":"https:\/\/www.canadagmc.com\/#\/schema\/logo\/image\/"}}]}},"_links":{"self":[{"href":"https:\/\/www.canadagmc.com\/es\/wp-json\/wp\/v2\/pages\/3414","targetHints":{"allow":["GET"]}}],"collection":[{"href":"https:\/\/www.canadagmc.com\/es\/wp-json\/wp\/v2\/pages"}],"about":[{"href":"https:\/\/www.canadagmc.com\/es\/wp-json\/wp\/v2\/types\/page"}],"author":[{"embeddable":true,"href":"https:\/\/www.canadagmc.com\/es\/wp-json\/wp\/v2\/users\/10"}],"replies":[{"embeddable":true,"href":"https:\/\/www.canadagmc.com\/es\/wp-json\/wp\/v2\/comments?post=3414"}],"version-history":[{"count":0,"href":"https:\/\/www.canadagmc.com\/es\/wp-json\/wp\/v2\/pages\/3414\/revisions"}],"wp:featuredmedia":[{"embeddable":true,"href":"https:\/\/www.canadagmc.com\/es\/wp-json\/wp\/v2\/media\/3421"}],"wp:attachment":[{"href":"https:\/\/www.canadagmc.com\/es\/wp-json\/wp\/v2\/media?parent=3414"}],"curies":[{"name":"wp","href":"https:\/\/api.w.org\/{rel}","templated":true}]}}