{"id":473,"date":"2023-03-16T16:00:36","date_gmt":"2023-03-16T16:00:36","guid":{"rendered":"https:\/\/www.canadagmc.com\/?page_id=473"},"modified":"2023-11-15T16:12:57","modified_gmt":"2023-11-15T16:12:57","slug":"about-us","status":"publish","type":"page","link":"https:\/\/www.canadagmc.com\/fr\/about-us\/","title":{"rendered":"\u00c0 propos de nous"},"content":{"rendered":"<div data-elementor-type=\"wp-page\" data-elementor-id=\"473\" class=\"elementor elementor-473\" data-elementor-post-type=\"page\">\n\t\t\t\t\t\t<section class=\"elementor-section elementor-top-section elementor-element elementor-element-ddcb9fc elementor-section-content-middle elementor-custom-container elementor-section-boxed elementor-section-height-default elementor-section-height-default\" data-id=\"ddcb9fc\" data-element_type=\"section\" data-e-type=\"section\" data-settings=\"{&quot;background_background&quot;:&quot;classic&quot;}\">\n\t\t\t\t\t\t<div class=\"elementor-container elementor-column-gap-default\">\n\t\t\t\t\t<div class=\"elementor-column elementor-col-100 elementor-top-column elementor-element elementor-element-a29def4\" data-id=\"a29def4\" data-element_type=\"column\" data-e-type=\"column\">\n\t\t\t<div class=\"elementor-widget-wrap elementor-element-populated\">\n\t\t\t\t\t\t<div class=\"elementor-element elementor-element-09f74fb elementor-widget elementor-widget-heading\" data-id=\"09f74fb\" data-element_type=\"widget\" data-e-type=\"widget\" data-widget_type=\"heading.default\">\n\t\t\t\t<div class=\"elementor-widget-container\">\n\t\t\t\t\t<h2 class=\"elementor-heading-title elementor-size-default\">\u00c0 propos de nous<\/h2>\t\t\t\t<\/div>\n\t\t\t\t<\/div>\n\t\t\t\t<div class=\"elementor-element elementor-element-cfb54ac elementor-widget elementor-widget-text-editor\" data-id=\"cfb54ac\" data-element_type=\"widget\" data-e-type=\"widget\" data-widget_type=\"text-editor.default\">\n\t\t\t\t<div class=\"elementor-widget-container\">\n\t\t\t\t\t\t\t\t\t<p>Canada Global Migration Consultants s\u2019engage \u00e0 conseiller et \u00e0 aider ses clients \u00e0 r\u00e9ussir leur migration au Canada. Nous accompagnons nos clients gr\u00e2ce aux conseils de notre \u00e9quipe de sp\u00e9cialistes CCAI \u2013 des experts en immigration canadienne qui sont agr\u00e9\u00e9s et autoris\u00e9s par le gouvernement canadien.<\/p><p>Nous offrons \u00e0 nos clients une large gamme de services de conseil dans le monde entier, notamment en ce qui concerne les demandes de visa et de citoyennet\u00e9, les recours, la coordination avec le gouvernement, etc. Nous nous distinguons par un service personnalis\u00e9, en travaillant en \u00e9troite collaboration avec nos clients pour comprendre leur situation et leur calendrier.<\/p><p>Gr\u00e2ce \u00e0 notre \u00e9quipe d\u2019experts comp\u00e9tents, nous vous aidons \u00e0 vous y retrouver dans les exigences parfois complexes et changeantes de l\u2019immigration canadienne. Autoris\u00e9s par le gouvernement canadien, nos agents peuvent \u00e9valuer votre \u00e9ligibilit\u00e9 et vous fournir des conseils personnalis\u00e9s tout au long du processus de demande, de l\u2019examen initial des documents \u00e0 la soumission finale et au r\u00e9sultat.<\/p><p>Prenez rendez-vous d\u00e8s aujourd\u2019hui pour une premi\u00e8re consultation et l\u2019un de nos consultants qualifi\u00e9s en mati\u00e8re d\u2019immigration vous contactera pour comprendre et vous conseiller sur la meilleure voie d\u2019immigration pour vous aider \u00e0 atteindre vos objectifs.<\/p>\t\t\t\t\t\t\t\t<\/div>\n\t\t\t\t<\/div>\n\t\t\t\t\t<\/div>\n\t\t<\/div>\n\t\t\t\t\t<\/div>\n\t\t<\/section>\n\t\t\t\t<\/div>","protected":false},"excerpt":{"rendered":"<p>About Us Canada Global Migration Consultants is committed to advising and assisting our clients in migrating to Canada successfully. We support clients through guidance from our team of RCIC specialists \u2013 Canadian immigration experts who are regulated and authorized by the Canadian government. We offer clients a wide range of consultancy services globally, including visa [&hellip;]<\/p>\n","protected":false},"author":1,"featured_media":0,"parent":0,"menu_order":0,"comment_status":"closed","ping_status":"closed","template":"elementor_header_footer","meta":{"_acf_changed":false,"footnotes":""},"class_list":["post-473","page","type-page","status-publish","hentry"],"acf":[],"yoast_head":"<!-- This site is optimized with the Yoast SEO plugin v27.5 - https:\/\/yoast.com\/product\/yoast-seo-wordpress\/ -->\n<title>About Us - Canada GMC | Canadian Immigration Consultants<\/title>\n<meta name=\"robots\" content=\"index, follow, max-snippet:-1, max-image-preview:large, max-video-preview:-1\" \/>\n<link rel=\"canonical\" href=\"https:\/\/www.canadagmc.com\/fr\/about-us\/\" \/>\n<meta property=\"og:locale\" content=\"fr_CA\" \/>\n<meta property=\"og:type\" content=\"article\" \/>\n<meta property=\"og:title\" content=\"About Us - Canada GMC | Canadian Immigration Consultants\" \/>\n<meta property=\"og:description\" content=\"About Us Canada Global Migration Consultants is committed to advising and assisting our clients in migrating to Canada successfully. We support clients through guidance from our team of RCIC specialists \u2013 Canadian immigration experts who are regulated and authorized by the Canadian government. We offer clients a wide range of consultancy services globally, including visa [&hellip;]\" \/>\n<meta property=\"og:url\" content=\"https:\/\/www.canadagmc.com\/fr\/about-us\/\" \/>\n<meta property=\"og:site_name\" content=\"Canada GMC | Canadian Immigration Consultants\" \/>\n<meta property=\"article:modified_time\" content=\"2023-11-15T16:12:57+00:00\" \/>\n<meta name=\"twitter:card\" content=\"summary_large_image\" \/>\n<meta name=\"twitter:label1\" content=\"Estimation du temps de lecture\" \/>\n\t<meta name=\"twitter:data1\" content=\"2 minutes\" \/>\n<script type=\"application\/ld+json\" class=\"yoast-schema-graph\">{\"@context\":\"https:\\\/\\\/schema.org\",\"@graph\":[{\"@type\":\"WebPage\",\"@id\":\"https:\\\/\\\/www.canadagmc.com\\\/about-us\\\/\",\"url\":\"https:\\\/\\\/www.canadagmc.com\\\/about-us\\\/\",\"name\":\"About Us - Canada GMC | Canadian Immigration Consultants\",\"isPartOf\":{\"@id\":\"https:\\\/\\\/www.canadagmc.com\\\/#website\"},\"datePublished\":\"2023-03-16T16:00:36+00:00\",\"dateModified\":\"2023-11-15T16:12:57+00:00\",\"breadcrumb\":{\"@id\":\"https:\\\/\\\/www.canadagmc.com\\\/about-us\\\/#breadcrumb\"},\"inLanguage\":\"fr-CA\",\"potentialAction\":[{\"@type\":\"ReadAction\",\"target\":[\"https:\\\/\\\/www.canadagmc.com\\\/about-us\\\/\"]}]},{\"@type\":\"BreadcrumbList\",\"@id\":\"https:\\\/\\\/www.canadagmc.com\\\/about-us\\\/#breadcrumb\",\"itemListElement\":[{\"@type\":\"ListItem\",\"position\":1,\"name\":\"Home\",\"item\":\"https:\\\/\\\/www.canadagmc.com\\\/\"},{\"@type\":\"ListItem\",\"position\":2,\"name\":\"About Us\"}]},{\"@type\":\"WebSite\",\"@id\":\"https:\\\/\\\/www.canadagmc.com\\\/#website\",\"url\":\"https:\\\/\\\/www.canadagmc.com\\\/\",\"name\":\"Canada GMC | Canadian Immigration Consultants\",\"description\":\"\",\"publisher\":{\"@id\":\"https:\\\/\\\/www.canadagmc.com\\\/#organization\"},\"potentialAction\":[{\"@type\":\"SearchAction\",\"target\":{\"@type\":\"EntryPoint\",\"urlTemplate\":\"https:\\\/\\\/www.canadagmc.com\\\/?s={search_term_string}\"},\"query-input\":{\"@type\":\"PropertyValueSpecification\",\"valueRequired\":true,\"valueName\":\"search_term_string\"}}],\"inLanguage\":\"fr-CA\"},{\"@type\":\"Organization\",\"@id\":\"https:\\\/\\\/www.canadagmc.com\\\/#organization\",\"name\":\"Canada GMC | Canadian Immigration Consultants\",\"url\":\"https:\\\/\\\/www.canadagmc.com\\\/\",\"logo\":{\"@type\":\"ImageObject\",\"inLanguage\":\"fr-CA\",\"@id\":\"https:\\\/\\\/www.canadagmc.com\\\/#\\\/schema\\\/logo\\\/image\\\/\",\"url\":\"https:\\\/\\\/www.canadagmc.com\\\/wp-content\\\/uploads\\\/2023\\\/03\\\/logo.png\",\"contentUrl\":\"https:\\\/\\\/www.canadagmc.com\\\/wp-content\\\/uploads\\\/2023\\\/03\\\/logo.png\",\"width\":171,\"height\":50,\"caption\":\"Canada GMC | Canadian Immigration Consultants\"},\"image\":{\"@id\":\"https:\\\/\\\/www.canadagmc.com\\\/#\\\/schema\\\/logo\\\/image\\\/\"}}]}<\/script>\n<!-- \/ Yoast SEO plugin. -->","yoast_head_json":{"title":"About Us - Canada GMC | Canadian Immigration Consultants","robots":{"index":"index","follow":"follow","max-snippet":"max-snippet:-1","max-image-preview":"max-image-preview:large","max-video-preview":"max-video-preview:-1"},"canonical":"https:\/\/www.canadagmc.com\/fr\/about-us\/","og_locale":"fr_CA","og_type":"article","og_title":"About Us - Canada GMC | Canadian Immigration Consultants","og_description":"About Us Canada Global Migration Consultants is committed to advising and assisting our clients in migrating to Canada successfully. We support clients through guidance from our team of RCIC specialists \u2013 Canadian immigration experts who are regulated and authorized by the Canadian government. We offer clients a wide range of consultancy services globally, including visa [&hellip;]","og_url":"https:\/\/www.canadagmc.com\/fr\/about-us\/","og_site_name":"Canada GMC | Canadian Immigration Consultants","article_modified_time":"2023-11-15T16:12:57+00:00","twitter_card":"summary_large_image","twitter_misc":{"Estimation du temps de lecture":"2 minutes"},"schema":{"@context":"https:\/\/schema.org","@graph":[{"@type":"WebPage","@id":"https:\/\/www.canadagmc.com\/about-us\/","url":"https:\/\/www.canadagmc.com\/about-us\/","name":"About Us - Canada GMC | Canadian Immigration Consultants","isPartOf":{"@id":"https:\/\/www.canadagmc.com\/#website"},"datePublished":"2023-03-16T16:00:36+00:00","dateModified":"2023-11-15T16:12:57+00:00","breadcrumb":{"@id":"https:\/\/www.canadagmc.com\/about-us\/#breadcrumb"},"inLanguage":"fr-CA","potentialAction":[{"@type":"ReadAction","target":["https:\/\/www.canadagmc.com\/about-us\/"]}]},{"@type":"BreadcrumbList","@id":"https:\/\/www.canadagmc.com\/about-us\/#breadcrumb","itemListElement":[{"@type":"ListItem","position":1,"name":"Home","item":"https:\/\/www.canadagmc.com\/"},{"@type":"ListItem","position":2,"name":"About Us"}]},{"@type":"WebSite","@id":"https:\/\/www.canadagmc.com\/#website","url":"https:\/\/www.canadagmc.com\/","name":"Canada GMC | Canadian Immigration Consultants","description":"","publisher":{"@id":"https:\/\/www.canadagmc.com\/#organization"},"potentialAction":[{"@type":"SearchAction","target":{"@type":"EntryPoint","urlTemplate":"https:\/\/www.canadagmc.com\/?s={search_term_string}"},"query-input":{"@type":"PropertyValueSpecification","valueRequired":true,"valueName":"search_term_string"}}],"inLanguage":"fr-CA"},{"@type":"Organization","@id":"https:\/\/www.canadagmc.com\/#organization","name":"Canada GMC | Canadian Immigration Consultants","url":"https:\/\/www.canadagmc.com\/","logo":{"@type":"ImageObject","inLanguage":"fr-CA","@id":"https:\/\/www.canadagmc.com\/#\/schema\/logo\/image\/","url":"https:\/\/www.canadagmc.com\/wp-content\/uploads\/2023\/03\/logo.png","contentUrl":"https:\/\/www.canadagmc.com\/wp-content\/uploads\/2023\/03\/logo.png","width":171,"height":50,"caption":"Canada GMC | Canadian Immigration Consultants"},"image":{"@id":"https:\/\/www.canadagmc.com\/#\/schema\/logo\/image\/"}}]}},"_links":{"self":[{"href":"https:\/\/www.canadagmc.com\/fr\/wp-json\/wp\/v2\/pages\/473","targetHints":{"allow":["GET"]}}],"collection":[{"href":"https:\/\/www.canadagmc.com\/fr\/wp-json\/wp\/v2\/pages"}],"about":[{"href":"https:\/\/www.canadagmc.com\/fr\/wp-json\/wp\/v2\/types\/page"}],"author":[{"embeddable":true,"href":"https:\/\/www.canadagmc.com\/fr\/wp-json\/wp\/v2\/users\/1"}],"replies":[{"embeddable":true,"href":"https:\/\/www.canadagmc.com\/fr\/wp-json\/wp\/v2\/comments?post=473"}],"version-history":[{"count":0,"href":"https:\/\/www.canadagmc.com\/fr\/wp-json\/wp\/v2\/pages\/473\/revisions"}],"wp:attachment":[{"href":"https:\/\/www.canadagmc.com\/fr\/wp-json\/wp\/v2\/media?parent=473"}],"curies":[{"name":"wp","href":"https:\/\/api.w.org\/{rel}","templated":true}]}}