{"id":797,"date":"2023-03-21T13:15:46","date_gmt":"2023-03-21T13:15:46","guid":{"rendered":"https:\/\/www.canadagmc.com\/?page_id=797"},"modified":"2023-05-02T14:15:33","modified_gmt":"2023-05-02T14:15:33","slug":"canada-immigration","status":"publish","type":"page","link":"https:\/\/www.canadagmc.com\/fr\/canada-immigration\/","title":{"rendered":"Canada Immigration"},"content":{"rendered":"<div data-elementor-type=\"wp-page\" data-elementor-id=\"797\" class=\"elementor elementor-797\" data-elementor-post-type=\"page\">\n\t\t\t\t\t\t<section class=\"elementor-section elementor-top-section elementor-element elementor-element-16a02e9 elementor-section-content-middle elementor-custom-container elementor-section-boxed elementor-section-height-default elementor-section-height-default\" data-id=\"16a02e9\" data-element_type=\"section\" data-e-type=\"section\" data-settings=\"{&quot;background_background&quot;:&quot;classic&quot;}\">\n\t\t\t\t\t\t<div class=\"elementor-container elementor-column-gap-default\">\n\t\t\t\t\t<div class=\"elementor-column elementor-col-50 elementor-top-column elementor-element elementor-element-682fc08\" data-id=\"682fc08\" data-element_type=\"column\" data-e-type=\"column\">\n\t\t\t<div class=\"elementor-widget-wrap elementor-element-populated\">\n\t\t\t\t\t\t<div class=\"elementor-element elementor-element-ff3b610 elementor-widget elementor-widget-heading\" data-id=\"ff3b610\" data-element_type=\"widget\" data-e-type=\"widget\" data-widget_type=\"heading.default\">\n\t\t\t\t<div class=\"elementor-widget-container\">\n\t\t\t\t\t<h2 class=\"elementor-heading-title elementor-size-default\">Programmes d\u2019immigration canadiens<\/h2>\t\t\t\t<\/div>\n\t\t\t\t<\/div>\n\t\t\t\t\t<\/div>\n\t\t<\/div>\n\t\t\t\t<div class=\"elementor-column elementor-col-50 elementor-top-column elementor-element elementor-element-9636340\" data-id=\"9636340\" data-element_type=\"column\" data-e-type=\"column\">\n\t\t\t<div class=\"elementor-widget-wrap elementor-element-populated\">\n\t\t\t\t\t\t<div class=\"elementor-element elementor-element-853b21d elementor-widget elementor-widget-text-editor\" data-id=\"853b21d\" data-element_type=\"widget\" data-e-type=\"widget\" data-widget_type=\"text-editor.default\">\n\t\t\t\t<div class=\"elementor-widget-container\">\n\t\t\t\t\t\t\t\t\t<p>Le Canada dispose de nombreux programmes d\u2019immigration qui offrent aux migrants diverses possibilit\u00e9s de participer \u00e0 la main-d\u2019\u0153uvre canadienne, ainsi qu\u2019\u00e0 des programmes culturels et \u00e9ducatifs. Avec l\u2019objectif d\u2019accueillir 400\u2009000 immigrants chaque ann\u00e9e, les programmes de visas du Canada se concentrent sur la recherche de professionnels qualifi\u00e9s qui apporteront une valeur ajout\u00e9e au march\u00e9 du travail.<\/p>\t\t\t\t\t\t\t\t<\/div>\n\t\t\t\t<\/div>\n\t\t\t\t\t<\/div>\n\t\t<\/div>\n\t\t\t\t\t<\/div>\n\t\t<\/section>\n\t\t\t\t<section class=\"elementor-section elementor-top-section elementor-element elementor-element-db90dfc elementor-custom-container elementor-section-boxed elementor-section-height-default elementor-section-height-default\" data-id=\"db90dfc\" data-element_type=\"section\" data-e-type=\"section\">\n\t\t\t\t\t\t<div class=\"elementor-container elementor-column-gap-default\">\n\t\t\t\t\t<div class=\"elementor-column elementor-col-100 elementor-top-column elementor-element elementor-element-8c4b84b\" data-id=\"8c4b84b\" data-element_type=\"column\" data-e-type=\"column\">\n\t\t\t<div class=\"elementor-widget-wrap elementor-element-populated\">\n\t\t\t\t\t\t<div class=\"elementor-element elementor-element-9d2ba4d elementor-widget elementor-widget-immigration\" data-id=\"9d2ba4d\" data-element_type=\"widget\" data-e-type=\"widget\" data-widget_type=\"immigration.default\">\n\t\t\t\t<div class=\"elementor-widget-container\">\n\t\t\t\t\t  \n\n  <section class=\"blog-posts immigration-area\">\n\t\t<div class=\"container\">\n\t\t\t<div class=\"row gy-4\">\n        \n        \t\t\t\t<div class=\"col-lg-4 col-md-6\">\n\t\t\t\t\t<div class=\"single-blog-post immigration-item\">\n            \t\t\t\t\t\t<div class=\"blog-thumb\">\n\t\t\t\t\t\t\t<a href=\"https:\/\/www.canadagmc.com\/fr\/immigration\/canadian-immigration-programs\/\"><img decoding=\"async\" class=\"card-img-top\" src=\"https:\/\/www.canadagmc.com\/wp-content\/uploads\/2023\/05\/Immigration7.png\" alt=\"Canadian Immigration Programs\"><\/a>\n\t\t\t\t\t\t<\/div>\n            \t\t\t\t\t\t<div class=\"blog-content\">\n\t\t\t\t\t\t\t<h4 class=\"blog-title\">Programmes d\u2019immigration canadiens<\/h4>\n\t\t\t\t\t\t\t<div class=\"blog-desc\">\n<p>Le Canada dispose de nombreux programmes d\u2019immigration qui offrent aux migrants diverses possibilit\u00e9s de participer \u00e0 la main-d\u2019\u0153uvre canadienne, ainsi qu\u2019\u00e0 des programmes culturels et \u00e9ducatifs. Avec l\u2019objectif d\u2019accueillir 400\u2009000 immigrants chaque ann\u00e9e, les programmes de visas du Canada se concentrent sur la recherche de professionnels qualifi\u00e9s qui apporteront une valeur ajout\u00e9e au march\u00e9 du travail.<\/p>\n<\/div>\n\t\t\t\t\t\t<\/div>\n\t\t\t\t\t<\/div>\n\t\t\t\t<\/div>\n        \t\t\t\t<div class=\"col-lg-4 col-md-6\">\n\t\t\t\t\t<div class=\"single-blog-post immigration-item\">\n            \t\t\t\t\t\t<div class=\"blog-thumb\">\n\t\t\t\t\t\t\t<a href=\"https:\/\/www.canadagmc.com\/fr\/immigration\/professional-and-skilled-worker-programs\/\"><img decoding=\"async\" class=\"card-img-top\" src=\"https:\/\/www.canadagmc.com\/wp-content\/uploads\/2023\/05\/Immigration1.png\" alt=\"Professional and Skilled Worker Programs\"><\/a>\n\t\t\t\t\t\t<\/div>\n            \t\t\t\t\t\t<div class=\"blog-content\">\n\t\t\t\t\t\t\t<h4 class=\"blog-title\">Programmes pour les professionnels et les travailleurs qualifi\u00e9s<\/h4>\n\t\t\t\t\t\t\t<div class=\"blog-desc\">\n<p>Avec le vieillissement de la population active canadienne, les pr\u00e9visionnistes d\u00e9mographiques ont pr\u00e9dit un d\u00e9ficit de travailleurs qualifi\u00e9s disponibles pour occuper tous les postes n\u00e9cessaires dans les ann\u00e9es \u00e0 venir. En r\u00e9ponse \u00e0 la diminution du nombre de travailleurs, le syst\u00e8me d\u2019immigration du Canada a \u00e9t\u00e9 structur\u00e9 de mani\u00e8re \u00e0 faciliter l\u2019entr\u00e9e rapide dans le pays et \u00e0 fournir une feuille de route pour l\u2019immigration des travailleurs hautement qualifi\u00e9s.<\/p>\n\n\n\n<p>Le syst\u00e8me canadien d\u2019Entr\u00e9e Express (Express Entry) propose trois cat\u00e9gories de parcours d\u2019immigration pour les travailleurs qualifi\u00e9s :<\/p>\n\n\n\n<ul class=\"wp-block-list\">\n<li>Programme f\u00e9d\u00e9ral pour les travailleurs qualifi\u00e9s<\/li>\n\n\n\n<li>Programme f\u00e9d\u00e9ral de formation professionnelle<\/li>\n\n\n\n<li>Classe Exp\u00e9rience Canada<\/li>\n<\/ul>\n<\/div>\n\t\t\t\t\t\t<\/div>\n\t\t\t\t\t<\/div>\n\t\t\t\t<\/div>\n        \t\t\t\t<div class=\"col-lg-4 col-md-6\">\n\t\t\t\t\t<div class=\"single-blog-post immigration-item\">\n            \t\t\t\t\t\t<div class=\"blog-thumb\">\n\t\t\t\t\t\t\t<a href=\"https:\/\/www.canadagmc.com\/fr\/immigration\/family-sponsorships\/\"><img decoding=\"async\" class=\"card-img-top\" src=\"https:\/\/www.canadagmc.com\/wp-content\/uploads\/2023\/03\/Immigration3.png\" alt=\"Family Sponsorships\"><\/a>\n\t\t\t\t\t\t<\/div>\n            \t\t\t\t\t\t<div class=\"blog-content\">\n\t\t\t\t\t\t\t<h4 class=\"blog-title\">Parrainages familiaux<\/h4>\n\t\t\t\t\t\t\t<div class=\"blog-desc\">\n<p>Gr\u00e2ce \u00e0 l\u2019un des nombreux programmes de parrainage familial, les citoyens canadiens et les r\u00e9sidents permanents peuvent parrainer l\u2019immigration des membres de leur famille au Canada. Il s\u2019agit des conjoints, des parents, des grands-parents, des enfants \u00e0 charge, des enfants adopt\u00e9s et des autres membres de la famille. Des crit\u00e8res d\u2019\u00e9ligibilit\u00e9 sp\u00e9cifiques sont requis pour b\u00e9n\u00e9ficier d\u2019un parrainage familial.<\/p>\n<\/div>\n\t\t\t\t\t\t<\/div>\n\t\t\t\t\t<\/div>\n\t\t\t\t<\/div>\n        \t\t\t\t<div class=\"col-lg-4 col-md-6\">\n\t\t\t\t\t<div class=\"single-blog-post immigration-item\">\n            \t\t\t\t\t\t<div class=\"blog-thumb\">\n\t\t\t\t\t\t\t<a href=\"https:\/\/www.canadagmc.com\/fr\/immigration\/business-programs\/\"><img decoding=\"async\" class=\"card-img-top\" src=\"https:\/\/www.canadagmc.com\/wp-content\/uploads\/2023\/05\/Immigration4.png\" alt=\"Business Programs\"><\/a>\n\t\t\t\t\t\t<\/div>\n            \t\t\t\t\t\t<div class=\"blog-content\">\n\t\t\t\t\t\t\t<h4 class=\"blog-title\">Programmes d\u2019affaires<\/h4>\n\t\t\t\t\t\t\t<div class=\"blog-desc\">\n<p>Le Canada accueille les entrepreneurs qui souhaitent cr\u00e9er une entreprise et contribuer \u00e0 la croissance de l\u2019\u00e9conomie canadienne. Que vous soyez travailleur ind\u00e9pendant, que vous lanciez une nouvelle entreprise ou que vous \u00e9tendiez votre activit\u00e9 aux march\u00e9s canadiens, il existe peut-\u00eatre une possibilit\u00e9 de visa d\u2019affaires pour vous.<\/p>\n<\/div>\n\t\t\t\t\t\t<\/div>\n\t\t\t\t\t<\/div>\n\t\t\t\t<\/div>\n        \t\t\t\t<div class=\"col-lg-4 col-md-6\">\n\t\t\t\t\t<div class=\"single-blog-post immigration-item\">\n            \t\t\t\t\t\t<div class=\"blog-thumb\">\n\t\t\t\t\t\t\t<a href=\"https:\/\/www.canadagmc.com\/fr\/immigration\/other-pathways\/\"><img decoding=\"async\" class=\"card-img-top\" src=\"https:\/\/www.canadagmc.com\/wp-content\/uploads\/2023\/05\/Immigration10.png\" alt=\"Other Pathways\"><\/a>\n\t\t\t\t\t\t<\/div>\n            \t\t\t\t\t\t<div class=\"blog-content\">\n\t\t\t\t\t\t\t<h4 class=\"blog-title\">Autres voies d\u2019acc\u00e8s<\/h4>\n\t\t\t\t\t\t\t<div class=\"blog-desc\">\n<p>En plus des programmes de visas pour les entreprises et les travailleurs, le Canada propose \u00e9galement des programmes de visas pour les \u00e9tudiants internationaux qui souhaitent \u00e9tudier dans les coll\u00e8ges et universit\u00e9s canadiens, ainsi que des visas de tourisme pour les visiteurs qui souhaitent s\u00e9journer au Canada, apprendre et explorer les merveilles du pays.<\/p>\n<\/div>\n\t\t\t\t\t\t<\/div>\n\t\t\t\t\t<\/div>\n\t\t\t\t<\/div>\n        \t\t\t<\/div>\n\t\t\t<div class=\"row\">\n\t\t\t\t<div class=\"col-lg-12\">\n\t\t\t\t\t<div class=\"blog-pagination\">\n              \t\t\t\t\t<\/div>\n\t\t\t\t<\/div>\n\t\t\t<\/div>\n\t\t<\/div>\n\t<\/section>\n\n\t\t\t\t<\/div>\n\t\t\t\t<\/div>\n\t\t\t\t\t<\/div>\n\t\t<\/div>\n\t\t\t\t\t<\/div>\n\t\t<\/section>\n\t\t\t\t<\/div>","protected":false},"excerpt":{"rendered":"<p>Canadian Immigration Programs Canada offers a variety of immigration programs that provide a variety of opportunities for migrants to participate in Canada\u2019s workforce, and cultural and education programs. With the goal of welcoming 400,000 immigrants each year, Canada\u2019s visa programs focus on finding skilled professionals that will add value to the labor market. Family Sponsorships [&hellip;]<\/p>\n","protected":false},"author":1,"featured_media":0,"parent":0,"menu_order":0,"comment_status":"closed","ping_status":"closed","template":"elementor_header_footer","meta":{"_acf_changed":false,"footnotes":""},"class_list":["post-797","page","type-page","status-publish","hentry"],"acf":[],"yoast_head":"<!-- This site is optimized with the Yoast SEO plugin v27.5 - https:\/\/yoast.com\/product\/yoast-seo-wordpress\/ -->\n<title>Canada Immigration - Canada GMC | Canadian Immigration Consultants<\/title>\n<meta name=\"robots\" content=\"index, follow, max-snippet:-1, max-image-preview:large, max-video-preview:-1\" \/>\n<link rel=\"canonical\" href=\"https:\/\/www.canadagmc.com\/fr\/canada-immigration\/\" \/>\n<meta property=\"og:locale\" content=\"fr_CA\" \/>\n<meta property=\"og:type\" content=\"article\" \/>\n<meta property=\"og:title\" content=\"Canada Immigration - Canada GMC | Canadian Immigration Consultants\" \/>\n<meta property=\"og:description\" content=\"Canadian Immigration Programs Canada offers a variety of immigration programs that provide a variety of opportunities for migrants to participate in Canada\u2019s workforce, and cultural and education programs. With the goal of welcoming 400,000 immigrants each year, Canada\u2019s visa programs focus on finding skilled professionals that will add value to the labor market. Family Sponsorships [&hellip;]\" \/>\n<meta property=\"og:url\" content=\"https:\/\/www.canadagmc.com\/fr\/canada-immigration\/\" \/>\n<meta property=\"og:site_name\" content=\"Canada GMC | Canadian Immigration Consultants\" \/>\n<meta property=\"article:modified_time\" content=\"2023-05-02T14:15:33+00:00\" \/>\n<meta property=\"og:image\" content=\"https:\/\/www.canadagmc.com\/wp-content\/uploads\/2023\/03\/Mask-group-8.webp\" \/>\n<meta name=\"twitter:card\" content=\"summary_large_image\" \/>\n<meta name=\"twitter:label1\" content=\"Estimation du temps de lecture\" \/>\n\t<meta name=\"twitter:data1\" content=\"2 minutes\" \/>\n<script type=\"application\/ld+json\" class=\"yoast-schema-graph\">{\"@context\":\"https:\\\/\\\/schema.org\",\"@graph\":[{\"@type\":\"WebPage\",\"@id\":\"https:\\\/\\\/www.canadagmc.com\\\/canada-immigration\\\/\",\"url\":\"https:\\\/\\\/www.canadagmc.com\\\/canada-immigration\\\/\",\"name\":\"Canada Immigration - Canada GMC | Canadian Immigration Consultants\",\"isPartOf\":{\"@id\":\"https:\\\/\\\/www.canadagmc.com\\\/#website\"},\"primaryImageOfPage\":{\"@id\":\"https:\\\/\\\/www.canadagmc.com\\\/canada-immigration\\\/#primaryimage\"},\"image\":{\"@id\":\"https:\\\/\\\/www.canadagmc.com\\\/canada-immigration\\\/#primaryimage\"},\"thumbnailUrl\":\"https:\\\/\\\/www.canadagmc.com\\\/wp-content\\\/uploads\\\/2023\\\/03\\\/Mask-group-8.webp\",\"datePublished\":\"2023-03-21T13:15:46+00:00\",\"dateModified\":\"2023-05-02T14:15:33+00:00\",\"breadcrumb\":{\"@id\":\"https:\\\/\\\/www.canadagmc.com\\\/canada-immigration\\\/#breadcrumb\"},\"inLanguage\":\"fr-CA\",\"potentialAction\":[{\"@type\":\"ReadAction\",\"target\":[\"https:\\\/\\\/www.canadagmc.com\\\/canada-immigration\\\/\"]}]},{\"@type\":\"ImageObject\",\"inLanguage\":\"fr-CA\",\"@id\":\"https:\\\/\\\/www.canadagmc.com\\\/canada-immigration\\\/#primaryimage\",\"url\":\"https:\\\/\\\/www.canadagmc.com\\\/wp-content\\\/uploads\\\/2023\\\/03\\\/Mask-group-8.webp\",\"contentUrl\":\"https:\\\/\\\/www.canadagmc.com\\\/wp-content\\\/uploads\\\/2023\\\/03\\\/Mask-group-8.webp\"},{\"@type\":\"BreadcrumbList\",\"@id\":\"https:\\\/\\\/www.canadagmc.com\\\/canada-immigration\\\/#breadcrumb\",\"itemListElement\":[{\"@type\":\"ListItem\",\"position\":1,\"name\":\"Home\",\"item\":\"https:\\\/\\\/www.canadagmc.com\\\/\"},{\"@type\":\"ListItem\",\"position\":2,\"name\":\"Canada Immigration\"}]},{\"@type\":\"WebSite\",\"@id\":\"https:\\\/\\\/www.canadagmc.com\\\/#website\",\"url\":\"https:\\\/\\\/www.canadagmc.com\\\/\",\"name\":\"Canada GMC | Canadian Immigration Consultants\",\"description\":\"\",\"publisher\":{\"@id\":\"https:\\\/\\\/www.canadagmc.com\\\/#organization\"},\"potentialAction\":[{\"@type\":\"SearchAction\",\"target\":{\"@type\":\"EntryPoint\",\"urlTemplate\":\"https:\\\/\\\/www.canadagmc.com\\\/?s={search_term_string}\"},\"query-input\":{\"@type\":\"PropertyValueSpecification\",\"valueRequired\":true,\"valueName\":\"search_term_string\"}}],\"inLanguage\":\"fr-CA\"},{\"@type\":\"Organization\",\"@id\":\"https:\\\/\\\/www.canadagmc.com\\\/#organization\",\"name\":\"Canada GMC | Canadian Immigration Consultants\",\"url\":\"https:\\\/\\\/www.canadagmc.com\\\/\",\"logo\":{\"@type\":\"ImageObject\",\"inLanguage\":\"fr-CA\",\"@id\":\"https:\\\/\\\/www.canadagmc.com\\\/#\\\/schema\\\/logo\\\/image\\\/\",\"url\":\"https:\\\/\\\/www.canadagmc.com\\\/wp-content\\\/uploads\\\/2023\\\/03\\\/logo.png\",\"contentUrl\":\"https:\\\/\\\/www.canadagmc.com\\\/wp-content\\\/uploads\\\/2023\\\/03\\\/logo.png\",\"width\":171,\"height\":50,\"caption\":\"Canada GMC | Canadian Immigration Consultants\"},\"image\":{\"@id\":\"https:\\\/\\\/www.canadagmc.com\\\/#\\\/schema\\\/logo\\\/image\\\/\"}}]}<\/script>\n<!-- \/ Yoast SEO plugin. -->","yoast_head_json":{"title":"Canada Immigration - Canada GMC | Canadian Immigration Consultants","robots":{"index":"index","follow":"follow","max-snippet":"max-snippet:-1","max-image-preview":"max-image-preview:large","max-video-preview":"max-video-preview:-1"},"canonical":"https:\/\/www.canadagmc.com\/fr\/canada-immigration\/","og_locale":"fr_CA","og_type":"article","og_title":"Canada Immigration - Canada GMC | Canadian Immigration Consultants","og_description":"Canadian Immigration Programs Canada offers a variety of immigration programs that provide a variety of opportunities for migrants to participate in Canada\u2019s workforce, and cultural and education programs. With the goal of welcoming 400,000 immigrants each year, Canada\u2019s visa programs focus on finding skilled professionals that will add value to the labor market. Family Sponsorships [&hellip;]","og_url":"https:\/\/www.canadagmc.com\/fr\/canada-immigration\/","og_site_name":"Canada GMC | Canadian Immigration Consultants","article_modified_time":"2023-05-02T14:15:33+00:00","og_image":[{"url":"https:\/\/www.canadagmc.com\/wp-content\/uploads\/2023\/03\/Mask-group-8.webp","type":"","width":"","height":""}],"twitter_card":"summary_large_image","twitter_misc":{"Estimation du temps de lecture":"2 minutes"},"schema":{"@context":"https:\/\/schema.org","@graph":[{"@type":"WebPage","@id":"https:\/\/www.canadagmc.com\/canada-immigration\/","url":"https:\/\/www.canadagmc.com\/canada-immigration\/","name":"Canada Immigration - Canada GMC | Canadian Immigration Consultants","isPartOf":{"@id":"https:\/\/www.canadagmc.com\/#website"},"primaryImageOfPage":{"@id":"https:\/\/www.canadagmc.com\/canada-immigration\/#primaryimage"},"image":{"@id":"https:\/\/www.canadagmc.com\/canada-immigration\/#primaryimage"},"thumbnailUrl":"https:\/\/www.canadagmc.com\/wp-content\/uploads\/2023\/03\/Mask-group-8.webp","datePublished":"2023-03-21T13:15:46+00:00","dateModified":"2023-05-02T14:15:33+00:00","breadcrumb":{"@id":"https:\/\/www.canadagmc.com\/canada-immigration\/#breadcrumb"},"inLanguage":"fr-CA","potentialAction":[{"@type":"ReadAction","target":["https:\/\/www.canadagmc.com\/canada-immigration\/"]}]},{"@type":"ImageObject","inLanguage":"fr-CA","@id":"https:\/\/www.canadagmc.com\/canada-immigration\/#primaryimage","url":"https:\/\/www.canadagmc.com\/wp-content\/uploads\/2023\/03\/Mask-group-8.webp","contentUrl":"https:\/\/www.canadagmc.com\/wp-content\/uploads\/2023\/03\/Mask-group-8.webp"},{"@type":"BreadcrumbList","@id":"https:\/\/www.canadagmc.com\/canada-immigration\/#breadcrumb","itemListElement":[{"@type":"ListItem","position":1,"name":"Home","item":"https:\/\/www.canadagmc.com\/"},{"@type":"ListItem","position":2,"name":"Canada Immigration"}]},{"@type":"WebSite","@id":"https:\/\/www.canadagmc.com\/#website","url":"https:\/\/www.canadagmc.com\/","name":"Canada GMC | Canadian Immigration Consultants","description":"","publisher":{"@id":"https:\/\/www.canadagmc.com\/#organization"},"potentialAction":[{"@type":"SearchAction","target":{"@type":"EntryPoint","urlTemplate":"https:\/\/www.canadagmc.com\/?s={search_term_string}"},"query-input":{"@type":"PropertyValueSpecification","valueRequired":true,"valueName":"search_term_string"}}],"inLanguage":"fr-CA"},{"@type":"Organization","@id":"https:\/\/www.canadagmc.com\/#organization","name":"Canada GMC | Canadian Immigration Consultants","url":"https:\/\/www.canadagmc.com\/","logo":{"@type":"ImageObject","inLanguage":"fr-CA","@id":"https:\/\/www.canadagmc.com\/#\/schema\/logo\/image\/","url":"https:\/\/www.canadagmc.com\/wp-content\/uploads\/2023\/03\/logo.png","contentUrl":"https:\/\/www.canadagmc.com\/wp-content\/uploads\/2023\/03\/logo.png","width":171,"height":50,"caption":"Canada GMC | Canadian Immigration Consultants"},"image":{"@id":"https:\/\/www.canadagmc.com\/#\/schema\/logo\/image\/"}}]}},"_links":{"self":[{"href":"https:\/\/www.canadagmc.com\/fr\/wp-json\/wp\/v2\/pages\/797","targetHints":{"allow":["GET"]}}],"collection":[{"href":"https:\/\/www.canadagmc.com\/fr\/wp-json\/wp\/v2\/pages"}],"about":[{"href":"https:\/\/www.canadagmc.com\/fr\/wp-json\/wp\/v2\/types\/page"}],"author":[{"embeddable":true,"href":"https:\/\/www.canadagmc.com\/fr\/wp-json\/wp\/v2\/users\/1"}],"replies":[{"embeddable":true,"href":"https:\/\/www.canadagmc.com\/fr\/wp-json\/wp\/v2\/comments?post=797"}],"version-history":[{"count":0,"href":"https:\/\/www.canadagmc.com\/fr\/wp-json\/wp\/v2\/pages\/797\/revisions"}],"wp:attachment":[{"href":"https:\/\/www.canadagmc.com\/fr\/wp-json\/wp\/v2\/media?parent=797"}],"curies":[{"name":"wp","href":"https:\/\/api.w.org\/{rel}","templated":true}]}}